{"id":68,"date":"2018-07-19T07:22:21","date_gmt":"2018-07-19T07:22:21","guid":{"rendered":"http:\/\/localhost\/autoser\/?page_id=68"},"modified":"2021-04-14T16:01:34","modified_gmt":"2021-04-14T16:01:34","slug":"contacte","status":"publish","type":"page","link":"https:\/\/profiservice.md\/ru\/contacte\/","title":{"rendered":"\u041a\u043e\u043d\u0442\u0430\u043a\u0442\u044b"},"content":{"rendered":"<section class=\"vc_rows wpb_row vc_row-fluid vc_custom_1532679262660\"><div class=\"container\"><div class=\"row\"><div class=\"wpb_column vc_column_container vc_col-sm-12\"><div class=\"vc_column-inner\"><div class=\"wpb_wrapper\"><div class=\"wpb_gmaps_widget wpb_content_element\"><div class=\"wpb_wrapper\"><div class=\"wpb_map_wraper\"><iframe loading=\"lazy\" src=\"https:\/\/www.google.com\/maps\/embed?pb=!1m14!1m8!1m3!1d1358.836900411338!2d28.831972503704833!3d47.066248862649225!3m2!1i1024!2i768!4f13.1!3m3!1m2!1s0x40c97dafeca8b3bf%3A0x38f1646c3485ea75!2sProfiService!5e0!3m2!1sro!2s!4v1618330780908!5m2!1sro!2s\" width=\"100%\" height=\"400\" frameborder=\"0\" style=\"border:0\" allowfullscreen><\/iframe><\/div><\/div><\/div><\/div><\/div><\/div><\/div><\/div><div class=\"clearfix\"><\/div><\/section><section class=\"vc_rows wpb_row vc_row-fluid vc_custom_1532596692360\"><div class=\"container\"><div class=\"row\"><div class=\"wpb_column vc_column_container vc_col-sm-12 vc_col-md-4\"><div class=\"vc_column-inner\"><div class=\"wpb_wrapper\">\n    <div class=\"wprt-headings style-1 clearfix text-left\">\n        <h3 class=\"heading\" >\u0421\u0432\u044f\u0436\u0438\u0442\u0435\u0441\u044c \u0441 \u043d\u0430\u043c\u0438<\/h3>\n                    <div class=\"sep clearfix\"><\/div>\n        \n                    <div class=\"sub-heading clearfix\"><p>\u0421\u0432\u044f\u0436\u0438\u0442\u0435\u0441\u044c \u0441 \u043f\u0440\u043e\u0444\u0435\u0441\u0441\u0438\u043e\u043d\u0430\u043b\u0430\u043c\u0438 PROFISERVICE \u0434\u043b\u044f \u043f\u043e\u043b\u0443\u0447\u0435\u043d\u0438\u044f \u043a\u0430\u0447\u0435\u0441\u0442\u0432\u0435\u043d\u043d\u044b\u0445 \u0443\u0441\u043b\u0443\u0433 \u043f\u043e \u0434\u043e\u0441\u0442\u0443\u043f\u043d\u044b\u043c \u0446\u0435\u043d\u0430\u043c.<\/p>\n<\/div>\n            <\/div>\n        \n<div class=\"vc_empty_space\"   style=\"height: 25px\"><span class=\"vc_empty_space_inner\"><\/span><\/div><div class=\"vc_btn3-container vc_btn3-center\" ><a class=\"vc_general vc_btn3 vc_btn3-size-lg vc_btn3-shape-rounded vc_btn3-style-flat vc_btn3-block vc_btn3-icon-left vc_btn3-color-inverse\" href=\"tel: 37369242526\" title=\"\"><i class=\"vc_btn3-icon vc_li vc_li-phone\"><\/i> (+373) 69 24 25 26<\/a><\/div><div class=\"vc_empty_space\"   style=\"height: 40px\"><span class=\"vc_empty_space_inner\"><\/span><\/div>\n    <div class=\"wprt-icon-box style-5 clearfix icon-left w50 accent-outline outline-type align-left rounded-100 has-width\">\n        <div class=\"icon-wrap\">\n            <i class=\"rt-icon-placeholder2\"><\/i>\n        <\/div>\n        <h3 class=\"heading\">\u0410\u0414\u0420\u0415\u0421:<\/h3>\n        <div class=\"desc\"><p>\u0443\u043b. \u0414\u043e\u0439\u043d\u0430, 156, \u0433. \u041a\u0438\u0448\u0438\u043d\u0435\u0432<\/p>\n<\/div>\n    <\/div>\n\n<div class=\"vc_empty_space\"   style=\"height: 25px\"><span class=\"vc_empty_space_inner\"><\/span><\/div>\n    <div class=\"wprt-icon-box style-5 clearfix icon-left w50 accent-outline outline-type align-left rounded-100 has-width\">\n        <div class=\"icon-wrap\">\n            <i class=\"rt-icon-alarm-clock\"><\/i>\n        <\/div>\n        <h3 class=\"heading\">\u041f\u0420\u041e\u0413\u0420\u0410\u041c\u041c\u0410 \u0420\u0410\u0411\u041e\u0422\u042b:<\/h3>\n        <div class=\"desc\"><p>\u041f\u043e\u043d\u0435\u0434\u0435\u043b\u044c\u043d\u0438\u043a - \u041f\u044f\u0442\u043d\u0438\u0446\u0430: <strong>09:00 &#8211; 18:00<\/strong><br \/>\n\u0421\u0443\u0431\u0431\u043e\u0442\u0430:\u00a0 <strong>09:00 &#8211; 14:00<\/strong><br \/>\n\u0412\u043e\u0441\u043a\u0440\u0435\u0441\u0435\u043d\u044c\u0435: <strong>\u0432\u044b\u0445\u043e\u0434\u043d\u043e\u0439<\/strong><\/p>\n<\/div>\n    <\/div>\n\n<\/div><\/div><\/div><div class=\"wpb_column vc_column_container vc_col-sm-12 vc_col-md-8\"><div class=\"vc_column-inner\"><div class=\"wpb_wrapper\">\n\t<div class=\"wpb_text_column wpb_content_element\" >\n\t\t<div class=\"wpb_wrapper\">\n\t\t\t<div class=\"wprt-spacer clearfix\" style=\"height: 35px;\" data-desktop=\"0\" data-mobi=\"35\" data-smobi=\"35\"><\/div>\n\n\t\t<\/div>\n\t<\/div>\n\n<div class=\"wpcf7 no-js\" id=\"wpcf7-f94-o1\" lang=\"en-US\" dir=\"ltr\">\n<div class=\"screen-reader-response\"><p role=\"status\" aria-live=\"polite\" aria-atomic=\"true\"><\/p> <ul><\/ul><\/div>\n<form action=\"\/ru\/wp-json\/wp\/v2\/pages\/68#wpcf7-f94-o1\" method=\"post\" class=\"wpcf7-form init\" aria-label=\"Contact form\" novalidate=\"novalidate\" data-status=\"init\" data-trp-original-action=\"\/ru\/wp-json\/wp\/v2\/pages\/68#wpcf7-f94-o1\">\n<div style=\"display: none;\">\n<input type=\"hidden\" name=\"_wpcf7\" value=\"94\" \/>\n<input type=\"hidden\" name=\"_wpcf7_version\" value=\"5.8.2\" \/>\n<input type=\"hidden\" name=\"_wpcf7_locale\" value=\"en_US\" \/>\n<input type=\"hidden\" name=\"_wpcf7_unit_tag\" value=\"wpcf7-f94-o1\" \/>\n<input type=\"hidden\" name=\"_wpcf7_container_post\" value=\"0\" \/>\n<input type=\"hidden\" name=\"_wpcf7_posted_data_hash\" value=\"\" \/>\n<\/div>\n<div class=\"wprt-contact-form style-1 margin-top-10\">\n\t<p><span class=\"wpcf7-form-control-wrap\" data-name=\"your-name\"><input size=\"40\" class=\"wpcf7-form-control wpcf7-text wpcf7-validates-as-required\" aria-required=\"true\" aria-invalid=\"false\" placeholder=\"\u0418\u043c\u044f *\" value=\"\" type=\"text\" name=\"your-name\" \/><\/span><br \/>\n<span class=\"wpcf7-form-control-wrap\" data-name=\"your-email\"><input size=\"40\" class=\"wpcf7-form-control wpcf7-email wpcf7-validates-as-required wpcf7-text wpcf7-validates-as-email\" aria-required=\"true\" aria-invalid=\"false\" placeholder=\"\u041f\u043e\u0447\u0442\u0430:\" value=\"\" type=\"email\" name=\"your-email\" \/><\/span><br \/>\n<span class=\"wpcf7-form-control-wrap\" data-name=\"your-subject\"><input size=\"40\" class=\"wpcf7-form-control wpcf7-text\" aria-invalid=\"false\" placeholder=\"T\u0435\u043c\u0430 *\" value=\"\" type=\"text\" name=\"your-subject\" \/><\/span><br \/>\n<span class=\"wpcf7-form-control-wrap\" data-name=\"your-message\"><textarea cols=\"40\" rows=\"10\" class=\"wpcf7-form-control wpcf7-textarea wpcf7-validates-as-required\" aria-required=\"true\" aria-invalid=\"false\" placeholder=\"\u0421\u043e\u043e\u0431\u0449\u0435\u043d\u0438\u0435 *\" name=\"your-message\"><\/textarea><\/span><br \/>\n<input class=\"wpcf7-form-control wpcf7-submit has-spinner submit\" type=\"submit\" value=\"Trimite  mesaj\" \/>\n\t<\/p>\n<\/div><div class=\"wpcf7-response-output\" aria-hidden=\"true\"><\/div>\n<input type=\"hidden\" name=\"trp-form-language\" value=\"ru\"\/><\/form>\n<\/div>\n<\/div><\/div><\/div><\/div><\/div><div class=\"clearfix\"><\/div><\/section><section class=\"vc_rows wpb_row vc_row-fluid bg-accent\"><div class=\"container\"><div class=\"row\"><div class=\"wpb_column vc_column_container vc_col-sm-12\"><div class=\"vc_column-inner\"><div class=\"wpb_wrapper\">\n    <div class=\"wprt-action-box style-1 has-icon\">\n        <div class=\"inner\">\n            <div class=\"heading-wrap\">\n                <div class=\"text-wrap\">\n                    <h3 class=\"heading\">\u041d\u0443\u0436\u043d\u0430 \u043f\u043e\u043c\u043e\u0449\u044c \u0441 \u043c\u0430\u0448\u0438\u043d\u043e\u0439? \u041c\u044b \u043f\u043e\u0437\u0430\u0431\u043e\u0442\u0438\u043c\u0441\u044f \u043e\u0431 \u044d\u0442\u043e\u043c<\/h3>\n                    <span class=\"icon\"><i class=\"as-icon-car-parts-6\"><\/i><\/span> \n                <\/div>\n            <\/div>\n            <div class=\"button-wrap\">\n                <a class=\"wprt-button white rounded-3px\" href=\"tel: 37369242526\" target=\"_self\">(+373) 69 24 25 26<\/a>            <\/div>\n        <\/div>\n    <\/div>\n\n<\/div><\/div><\/div><\/div><\/div><div class=\"clearfix\"><\/div><\/section>","protected":false},"excerpt":{"rendered":"Contacteaz\u0103-ne Contacta\u021bi profesioni\u0219tii PROFISERVICE pentru servicii de calitate la pre\u021buri accesibile. (+373) 69 24 25 26 ADRESA: Str. Doina, 156, or. Chi\u0219in\u0103u PROGRAM DE LUCRU: Luni - Vineri: 09:00 - 18:00 S\u00e2mb\u0103t\u0103:\u00a0 09:00 - 14:00 Duminic\u0103: zi de odihn\u0103 Ave\u021bi nevoie de ajutor cu ma\u0219ina dvs.? Ne ocupam noi (+373) 69 24 25 26","protected":false},"author":1,"featured_media":0,"parent":0,"menu_order":0,"comment_status":"closed","ping_status":"closed","template":"page-templates\/template-fullwidth.php","meta":{"footnotes":""},"class_list":["post-68","page","type-page","status-publish","hentry"],"_links":{"self":[{"href":"https:\/\/profiservice.md\/ru\/wp-json\/wp\/v2\/pages\/68","targetHints":{"allow":["GET"]}}],"collection":[{"href":"https:\/\/profiservice.md\/ru\/wp-json\/wp\/v2\/pages"}],"about":[{"href":"https:\/\/profiservice.md\/ru\/wp-json\/wp\/v2\/types\/page"}],"author":[{"embeddable":true,"href":"https:\/\/profiservice.md\/ru\/wp-json\/wp\/v2\/users\/1"}],"replies":[{"embeddable":true,"href":"https:\/\/profiservice.md\/ru\/wp-json\/wp\/v2\/comments?post=68"}],"version-history":[{"count":13,"href":"https:\/\/profiservice.md\/ru\/wp-json\/wp\/v2\/pages\/68\/revisions"}],"predecessor-version":[{"id":1145,"href":"https:\/\/profiservice.md\/ru\/wp-json\/wp\/v2\/pages\/68\/revisions\/1145"}],"wp:attachment":[{"href":"https:\/\/profiservice.md\/ru\/wp-json\/wp\/v2\/media?parent=68"}],"curies":[{"name":"wp","href":"https:\/\/api.w.org\/{rel}","templated":true}]}}