{"id":160,"date":"2018-08-01T09:20:05","date_gmt":"2018-08-01T09:20:05","guid":{"rendered":"http:\/\/localhost\/autoser\/?page_id=160"},"modified":"2021-04-15T12:08:38","modified_gmt":"2021-04-15T12:08:38","slug":"servicii-reparare","status":"publish","type":"page","link":"https:\/\/profiservice.md\/ru\/servicii-reparare\/","title":{"rendered":"\u0420\u0435\u043c\u043e\u043d\u0442\u043d\u044b\u0435 \u0443\u0441\u043b\u0443\u0433\u0438"},"content":{"rendered":"<section id=\"reparare\" class=\"vc_rows wpb_row vc_row-fluid vc_custom_1618396172646\"><div class=\"container\"><div class=\"row\"><div class=\"wpb_column vc_column_container vc_col-sm-12\"><div class=\"vc_column-inner\"><div class=\"wpb_wrapper\">\n    <div class=\"wprt-headings style-1 clearfix text-center\">\n        <h2 class=\"heading\" >\u0410\u0412\u0422\u041e\u041c\u041e\u0411\u0418\u041b\u042c\u041d\u042b\u0415 \u0423\u0421\u041b\u0423\u0413\u0418<\/h2>\n                    <div class=\"sep clearfix\"><\/div>\n        \n                    <div class=\"sub-heading clearfix\"><p>\u041c\u044b \u043f\u0440\u0435\u0434\u043b\u0430\u0433\u0430\u0435\u043c \u043a\u0430\u043a \u0430\u0432\u0442\u043e\u043c\u0435\u0445\u0430\u043d\u0438\u043a\u043e\u0432, \u0442\u0430\u043a \u0438 \u0443\u0441\u043b\u0443\u0433\u0438 \u0434\u0438\u0430\u0433\u043d\u043e\u0441\u0442\u0438\u043a\u0438<br \/>\n\u043a\u0430\u043a \u0434\u043b\u044f \u0447\u0430\u0441\u0442\u043d\u044b\u0445 \u043b\u0438\u0446, \u0442\u0430\u043a \u0438 \u0434\u043b\u044f \u043a\u043e\u043c\u043f\u0430\u043d\u0438\u0439.<\/p>\n<\/div>\n            <\/div>\n        \n<div class=\"vc_empty_space\"   style=\"height: 45px\"><span class=\"vc_empty_space_inner\"><\/span><\/div><div class=\"vc_row wpb_row vc_inner vc_row-fluid vc_column-gap-15 vc_row-o-equal-height vc_row-flex\"><div class=\"servici-box wpb_column vc_column_container vc_col-sm-3\"><div class=\"vc_column-inner\"><div class=\"wpb_wrapper\">\n\t<div  class=\"wpb_single_image wpb_content_element vc_align_center\">\n\t\t\n\t\t<figure class=\"wpb_wrapper vc_figure\">\n\t\t\t<div class=\"vc_single_image-wrapper vc_box_rounded  vc_box_border_grey\"><img loading=\"lazy\" decoding=\"async\" width=\"270\" height=\"134\" src=\"https:\/\/profiservice.md\/wp-content\/uploads\/2021\/04\/diagonza.jpg\" class=\"vc_single_image-img attachment-large\" alt=\"\" title=\"diagonza\" \/><\/div>\n\t\t<\/figure>\n\t<\/div>\n<h2 style=\"font-size: 17px;line-height: 1;text-align: center;font-family:Montserrat;font-weight:700;font-style:normal\" class=\"vc_custom_heading vc_custom_1618391834262\" >\u041a\u043e\u043c\u043f\u044c\u044e\u0442\u0435\u0440\u043d\u0430\u044f \u0434\u0438\u0430\u0433\u043d\u043e\u0441\u0442\u0438\u043a\u0430 \u0430\u0432\u0442\u043e\u043c\u043e\u0431\u0438\u043b\u0435\u0439<\/h2><\/div><\/div><\/div><div class=\"servici-box wpb_column vc_column_container vc_col-sm-3\"><div class=\"vc_column-inner\"><div class=\"wpb_wrapper\">\n\t<div  class=\"wpb_single_image wpb_content_element vc_align_center\">\n\t\t\n\t\t<figure class=\"wpb_wrapper vc_figure\">\n\t\t\t<div class=\"vc_single_image-wrapper vc_box_rounded  vc_box_border_grey\"><img loading=\"lazy\" decoding=\"async\" width=\"270\" height=\"134\" src=\"https:\/\/profiservice.md\/wp-content\/uploads\/2021\/04\/sasiu.jpg\" class=\"vc_single_image-img attachment-large\" alt=\"\" title=\"sasiu\" \/><\/div>\n\t\t<\/figure>\n\t<\/div>\n<h2 style=\"font-size: 17px;line-height: 1;text-align: center;font-family:Montserrat;font-weight:700;font-style:normal\" class=\"vc_custom_heading vc_custom_1618391869959\" >\u0414\u0438\u0430\u0433\u043d\u043e\u0441\u0442\u0438\u043a\u0430 \u0438 \u0440\u0435\u043c\u043e\u043d\u0442 \u0448\u0430\u0441\u0441\u0438<\/h2><\/div><\/div><\/div><div class=\"servici-box wpb_column vc_column_container vc_col-sm-3\"><div class=\"vc_column-inner\"><div class=\"wpb_wrapper\">\n\t<div  class=\"wpb_single_image wpb_content_element vc_align_center\">\n\t\t\n\t\t<figure class=\"wpb_wrapper vc_figure\">\n\t\t\t<div class=\"vc_single_image-wrapper vc_box_rounded  vc_box_border_grey\"><img loading=\"lazy\" decoding=\"async\" width=\"270\" height=\"134\" src=\"https:\/\/profiservice.md\/wp-content\/uploads\/2021\/04\/ulei.jpg\" class=\"vc_single_image-img attachment-large\" alt=\"\" title=\"ulei\" \/><\/div>\n\t\t<\/figure>\n\t<\/div>\n<h2 style=\"font-size: 17px;line-height: 1;text-align: center;font-family:Montserrat;font-weight:700;font-style:normal\" class=\"vc_custom_heading vc_custom_1618391878287\" >\u0417\u0430\u043c\u0435\u043d\u0430 \u043c\u0430\u0441\u043b\u0430 \u0438 \u0444\u0438\u043b\u044c\u0442\u0440\u0430<\/h2><\/div><\/div><\/div><div class=\"servici-box wpb_column vc_column_container vc_col-sm-3\"><div class=\"vc_column-inner\"><div class=\"wpb_wrapper\">\n\t<div  class=\"wpb_single_image wpb_content_element vc_align_center\">\n\t\t\n\t\t<figure class=\"wpb_wrapper vc_figure\">\n\t\t\t<div class=\"vc_single_image-wrapper vc_box_rounded  vc_box_border_grey\"><img loading=\"lazy\" decoding=\"async\" width=\"270\" height=\"134\" src=\"https:\/\/profiservice.md\/wp-content\/uploads\/2021\/04\/frina.jpg\" class=\"vc_single_image-img attachment-large\" alt=\"\" title=\"frina\" \/><\/div>\n\t\t<\/figure>\n\t<\/div>\n<h2 style=\"font-size: 17px;line-height: 1;text-align: center;font-family:Montserrat;font-weight:700;font-style:normal\" class=\"vc_custom_heading vc_custom_1618391921246\" >\u041f\u0440\u043e\u0432\u0435\u0440\u043a\u0430 \u0438 \u0437\u0430\u043c\u0435\u043d\u0430 \u0442\u043e\u0440\u043c\u043e\u0437\u043d\u043e\u0439 \u0436\u0438\u0434\u043a\u043e\u0441\u0442\u0438<\/h2><\/div><\/div><\/div><\/div><div class=\"vc_row wpb_row vc_inner vc_row-fluid vc_column-gap-15 vc_row-o-equal-height vc_row-flex\"><div class=\"servici-box wpb_column vc_column_container vc_col-sm-3\"><div class=\"vc_column-inner\"><div class=\"wpb_wrapper\">\n\t<div  class=\"wpb_single_image wpb_content_element vc_align_center\">\n\t\t\n\t\t<figure class=\"wpb_wrapper vc_figure\">\n\t\t\t<div class=\"vc_single_image-wrapper vc_box_rounded  vc_box_border_grey\"><img loading=\"lazy\" decoding=\"async\" width=\"270\" height=\"134\" src=\"https:\/\/profiservice.md\/wp-content\/uploads\/2021\/04\/motor.jpg\" class=\"vc_single_image-img attachment-large\" alt=\"\" title=\"motor\" \/><\/div>\n\t\t<\/figure>\n\t<\/div>\n<h2 style=\"font-size: 17px;line-height: 1;text-align: center;font-family:Montserrat;font-weight:700;font-style:normal\" class=\"vc_custom_heading vc_custom_1618391898142\" >\u041a\u0430\u043f\u0438\u0442\u0430\u043b\u044c\u043d\u044b\u0439 \u0440\u0435\u043c\u043e\u043d\u0442 \u0434\u0432\u0438\u0433\u0430\u0442\u0435\u043b\u044f<\/h2><\/div><\/div><\/div><div class=\"servici-box wpb_column vc_column_container vc_col-sm-3\"><div class=\"vc_column-inner\"><div class=\"wpb_wrapper\">\n\t<div  class=\"wpb_single_image wpb_content_element vc_align_center\">\n\t\t\n\t\t<figure class=\"wpb_wrapper vc_figure\">\n\t\t\t<div class=\"vc_single_image-wrapper vc_box_rounded  vc_box_border_grey\"><img loading=\"lazy\" decoding=\"async\" width=\"270\" height=\"134\" src=\"https:\/\/profiservice.md\/wp-content\/uploads\/2021\/04\/ambreiaj.jpg\" class=\"vc_single_image-img attachment-large\" alt=\"\" title=\"ambreiaj\" \/><\/div>\n\t\t<\/figure>\n\t<\/div>\n<h2 style=\"font-size: 17px;line-height: 1;text-align: center;font-family:Montserrat;font-weight:700;font-style:normal\" class=\"vc_custom_heading vc_custom_1618391983345\" >\u0417\u0430\u043c\u0435\u043d\u0430 \u0441\u0446\u0435\u043f\u043b\u0435\u043d\u0438\u044f<\/h2><\/div><\/div><\/div><div class=\"servici-box wpb_column vc_column_container vc_col-sm-3\"><div class=\"vc_column-inner\"><div class=\"wpb_wrapper\">\n\t<div  class=\"wpb_single_image wpb_content_element vc_align_center\">\n\t\t\n\t\t<figure class=\"wpb_wrapper vc_figure\">\n\t\t\t<div class=\"vc_single_image-wrapper vc_box_rounded  vc_box_border_grey\"><img loading=\"lazy\" decoding=\"async\" width=\"270\" height=\"134\" src=\"https:\/\/profiservice.md\/wp-content\/uploads\/2021\/04\/lant.jpg\" class=\"vc_single_image-img attachment-large\" alt=\"\" title=\"lant\" \/><\/div>\n\t\t<\/figure>\n\t<\/div>\n<h2 style=\"font-size: 17px;line-height: 1;text-align: center;font-family:Montserrat;font-weight:700;font-style:normal\" class=\"vc_custom_heading vc_custom_1618391913630\" >\u0417\u0430\u043c\u0435\u043d\u0430 \u0440\u0435\u043c\u043d\u044f \u0438 \u0446\u0435\u043f\u0438 \u0413\u0420\u041c<\/h2><\/div><\/div><\/div><div class=\"servici-box wpb_column vc_column_container vc_col-sm-3\"><div class=\"vc_column-inner\"><div class=\"wpb_wrapper\">\n\t<div  class=\"wpb_single_image wpb_content_element vc_align_center\">\n\t\t\n\t\t<figure class=\"wpb_wrapper vc_figure\">\n\t\t\t<div class=\"vc_single_image-wrapper vc_box_rounded  vc_box_border_grey\"><img loading=\"lazy\" decoding=\"async\" width=\"270\" height=\"134\" src=\"https:\/\/profiservice.md\/wp-content\/uploads\/2021\/04\/chiptuning.jpg\" class=\"vc_single_image-img attachment-large\" alt=\"\" title=\"chiptuning\" \/><\/div>\n\t\t<\/figure>\n\t<\/div>\n<h2 style=\"font-size: 17px;line-height: 1;text-align: center;font-family:Montserrat;font-weight:700;font-style:normal\" class=\"vc_custom_heading vc_custom_1618393406364\" >\u0427\u0438\u043f-\u0442\u044e\u043d\u0438\u043d\u0433<\/h2><\/div><\/div><\/div><\/div><div class=\"vc_row wpb_row vc_inner vc_row-fluid vc_column-gap-15 vc_row-o-equal-height vc_row-flex\"><div class=\"servici-box wpb_column vc_column_container vc_col-sm-3\"><div class=\"vc_column-inner\"><div class=\"wpb_wrapper\">\n\t<div  class=\"wpb_single_image wpb_content_element vc_align_center\">\n\t\t\n\t\t<figure class=\"wpb_wrapper vc_figure\">\n\t\t\t<div class=\"vc_single_image-wrapper vc_box_rounded  vc_box_border_grey\"><img loading=\"lazy\" decoding=\"async\" width=\"270\" height=\"134\" src=\"https:\/\/profiservice.md\/wp-content\/uploads\/2021\/04\/racire.jpg\" class=\"vc_single_image-img attachment-large\" alt=\"\" title=\"racire\" \/><\/div>\n\t\t<\/figure>\n\t<\/div>\n<h2 style=\"font-size: 17px;line-height: 1;text-align: center;font-family:Montserrat;font-weight:700;font-style:normal\" class=\"vc_custom_heading vc_custom_1618391933720\" >\u041f\u0440\u043e\u0432\u0435\u0440\u043a\u0430 \u0438 \u0437\u0430\u043c\u0435\u043d\u0430 \u043e\u0445\u043b\u0430\u0436\u0434\u0430\u044e\u0449\u0435\u0439 \u0436\u0438\u0434\u043a\u043e\u0441\u0442\u0438<\/h2><\/div><\/div><\/div><div class=\"servici-box wpb_column vc_column_container vc_col-sm-3\"><div class=\"vc_column-inner\"><div class=\"wpb_wrapper\">\n\t<div  class=\"wpb_single_image wpb_content_element vc_align_center\">\n\t\t\n\t\t<figure class=\"wpb_wrapper vc_figure\">\n\t\t\t<div class=\"vc_single_image-wrapper vc_box_rounded  vc_box_border_grey\"><img loading=\"lazy\" decoding=\"async\" width=\"270\" height=\"134\" src=\"https:\/\/profiservice.md\/wp-content\/uploads\/2021\/04\/conditioner.jpg\" class=\"vc_single_image-img attachment-large\" alt=\"\" title=\"conditioner\" \/><\/div>\n\t\t<\/figure>\n\t<\/div>\n<h2 style=\"font-size: 17px;line-height: 1;text-align: center;font-family:Montserrat;font-weight:700;font-style:normal\" class=\"vc_custom_heading vc_custom_1618391939985\" >\u0417\u0430\u0440\u044f\u0434\u043a\u0430 \u043a\u043e\u043d\u0434\u0438\u0446\u0438\u043e\u043d\u0435\u0440\u0430<\/h2><\/div><\/div><\/div><div class=\"servici-box wpb_column vc_column_container vc_col-sm-3\"><div class=\"vc_column-inner\"><div class=\"wpb_wrapper\">\n\t<div  class=\"wpb_single_image wpb_content_element vc_align_center\">\n\t\t\n\t\t<figure class=\"wpb_wrapper vc_figure\">\n\t\t\t<div class=\"vc_single_image-wrapper vc_box_rounded  vc_box_border_grey\"><img loading=\"lazy\" decoding=\"async\" width=\"270\" height=\"134\" src=\"https:\/\/profiservice.md\/wp-content\/uploads\/2021\/04\/verificare.jpg\" class=\"vc_single_image-img attachment-large\" alt=\"\" title=\"verificare\" \/><\/div>\n\t\t<\/figure>\n\t<\/div>\n<h2 style=\"font-size: 17px;line-height: 1;text-align: center;font-family:Montserrat;font-weight:700;font-style:normal\" class=\"vc_custom_heading vc_custom_1618391947190\" >\u041f\u0440\u043e\u0432\u0435\u0440\u043a\u0430 \u0430\u0432\u0442\u043e\u043c\u043e\u0431\u0438\u043b\u044f \u043f\u0435\u0440\u0435\u0434 \u043f\u043e\u043a\u0443\u043f\u043a\u043e\u0439<\/h2><\/div><\/div><\/div><div class=\"servici-box wpb_column vc_column_container vc_col-sm-3\"><div class=\"vc_column-inner\"><div class=\"wpb_wrapper\">\n\t<div  class=\"wpb_single_image wpb_content_element vc_align_center\">\n\t\t\n\t\t<figure class=\"wpb_wrapper vc_figure\">\n\t\t\t<div class=\"vc_single_image-wrapper vc_box_rounded  vc_box_border_grey\"><img loading=\"lazy\" decoding=\"async\" width=\"270\" height=\"134\" src=\"https:\/\/profiservice.md\/wp-content\/uploads\/2021\/04\/caseta.jpg\" class=\"vc_single_image-img attachment-large\" alt=\"\" title=\"caseta\" \/><\/div>\n\t\t<\/figure>\n\t<\/div>\n<h2 style=\"font-size: 17px;line-height: 1;text-align: center;font-family:Montserrat;font-weight:700;font-style:normal\" class=\"vc_custom_heading vc_custom_1618391954639\" >\u0420\u0435\u043c\u043e\u043d\u0442 \u0440\u0443\u043b\u0435\u0432\u043e\u0439 \u043a\u043e\u043b\u043e\u043d\u043a\u0438<\/h2><\/div><\/div><\/div><\/div><div class=\"vc_row wpb_row vc_inner vc_row-fluid vc_column-gap-15 vc_row-o-equal-height vc_row-flex\"><div class=\"wpb_column vc_column_container vc_col-sm-3\"><div class=\"vc_column-inner\"><div class=\"wpb_wrapper\"><\/div><\/div><\/div><div class=\"servici-box wpb_column vc_column_container vc_col-sm-3\"><div class=\"vc_column-inner\"><div class=\"wpb_wrapper\">\n\t<div  class=\"wpb_single_image wpb_content_element vc_align_center\">\n\t\t\n\t\t<figure class=\"wpb_wrapper vc_figure\">\n\t\t\t<div class=\"vc_single_image-wrapper vc_box_rounded  vc_box_border_grey\"><img loading=\"lazy\" decoding=\"async\" width=\"270\" height=\"134\" src=\"https:\/\/profiservice.md\/wp-content\/uploads\/2021\/04\/sonda.jpg\" class=\"vc_single_image-img attachment-large\" alt=\"\" title=\"sonda\" \/><\/div>\n\t\t<\/figure>\n\t<\/div>\n<h2 style=\"font-size: 17px;line-height: 1;text-align: center;font-family:Montserrat;font-weight:700;font-style:normal\" class=\"vc_custom_heading vc_custom_1618391905496\" >\u041e\u0447\u0438\u0441\u0442\u043a\u0430, \u0443\u0434\u0430\u043b\u0435\u043d\u0438\u0435 \u043a\u0430\u0442\u0430\u043b\u0438\u0437\u0430\u0442\u043e\u0440\u0430 \u0438 \u043b\u044f\u043c\u0431\u0434\u0430-\u0437\u043e\u043d\u0434\u0430<\/h2><\/div><\/div><\/div><div class=\"servici-box wpb_column vc_column_container vc_col-sm-3\"><div class=\"vc_column-inner\"><div class=\"wpb_wrapper\">\n\t<div  class=\"wpb_single_image wpb_content_element vc_align_center\">\n\t\t\n\t\t<figure class=\"wpb_wrapper vc_figure\">\n\t\t\t<div class=\"vc_single_image-wrapper vc_box_rounded  vc_box_border_grey\"><img loading=\"lazy\" decoding=\"async\" width=\"270\" height=\"134\" src=\"https:\/\/profiservice.md\/wp-content\/uploads\/2021\/04\/egr.jpg\" class=\"vc_single_image-img attachment-large\" alt=\"\" title=\"egr\" \/><\/div>\n\t\t<\/figure>\n\t<\/div>\n<h2 style=\"font-size: 17px;line-height: 1;text-align: center;font-family:Montserrat;font-weight:700;font-style:normal\" class=\"vc_custom_heading vc_custom_1618391886454\" >\u0423\u0434\u0430\u043b\u0435\u043d\u0438\u0435 \u0441\u0430\u0436\u0435\u0432\u043e\u0433\u043e \u0444\u0438\u043b\u044c\u0442\u0440\u0430 DPF \u0438 \u043e\u0442\u043c\u0435\u043d\u0430 EGR<\/h2><\/div><\/div><\/div><div class=\"wpb_column vc_column_container vc_col-sm-3\"><div class=\"vc_column-inner\"><div class=\"wpb_wrapper\"><\/div><\/div><\/div><\/div><\/div><\/div><\/div><\/div><\/div><div class=\"clearfix\"><\/div><\/section><section class=\"vc_rows wpb_row vc_row-fluid vc_custom_1533636501715 vc_row-has-fill\"><div class=\"container\"><div class=\"row\"><div class=\"wpb_column vc_column_container vc_col-sm-12\"><div class=\"vc_column-inner\"><div class=\"wpb_wrapper\">\n    <div class=\"wprt-headings style-1 clearfix text-center\">\n        <h2 class=\"heading\" >\u0427\u0442\u043e \u043c\u044b \u043f\u0440\u0435\u0434\u043b\u0430\u0433\u0430\u0435\u043c?<\/h2>\n                    <div class=\"sep clearfix\"><\/div>\n        \n            <\/div>\n        \n<div class=\"vc_empty_space\"   style=\"height: 50px\"><span class=\"vc_empty_space_inner\"><\/span><\/div><div class=\"vc_row wpb_row vc_inner vc_row-fluid vc_row-o-equal-height vc_row-flex\"><div class=\"wpb_column vc_column_container vc_col-sm-3\"><div class=\"vc_column-inner\"><div class=\"wpb_wrapper\">\n        <div class=\"wprt-icon-box clearfix has-width style-1 icon-top outline-type align-center rounded-100 w100 grey-outline ofer-box\">\n        <div class=\"icon-wrap\">\n                        <i class=\"rt-icon-2-comment\"><\/i>\n                    <\/div>\n        <h3 class=\"heading\">\u041f\u0440\u043e\u0444\u0435\u0441\u0441\u0438\u043e\u043d\u0430\u043b\u044c\u043d\u044b\u0439 \u043a\u043e\u043d\u0441\u0430\u043b\u0442\u0438\u043d\u0433<\/h3>\n\n        <div class=\"desc\"><p>\u041d\u0430\u0448\u0438 \u0441\u043f\u0435\u0446\u0438\u0430\u043b\u0438\u0441\u0442\u044b \u0432\u0441\u0435\u0433\u0434\u0430 \u043f\u043e\u043c\u043e\u0433\u0443\u0442 \u0432\u0430\u043c \u0440\u0435\u0448\u0438\u0442\u044c \u043f\u0440\u043e\u0431\u043b\u0435\u043c\u0443 \u0441 \u0430\u0432\u0442\u043e\u043c\u043e\u0431\u0438\u043b\u0435\u043c \u0438 \u043e\u043a\u0430\u0437\u0430\u0442\u044c \u0432\u0441\u0435 \u043d\u0435\u043e\u0431\u0445\u043e\u0434\u0438\u043c\u043e\u0435 \u0432\u043c\u0435\u0448\u0430\u0442\u0435\u043b\u044c\u0441\u0442\u0432\u043e!<\/p>\n<\/div>\n\n        <div class=\"elm-btn\">\n                    <\/div>\n    <\/div>\n    \n<\/div><\/div><\/div><div class=\"wpb_column vc_column_container vc_col-sm-3\"><div class=\"vc_column-inner\"><div class=\"wpb_wrapper\">\n        <div class=\"wprt-icon-box clearfix has-width style-1 icon-top outline-type align-center rounded-100 w100 grey-outline ofer-box\">\n        <div class=\"icon-wrap\">\n                        <i class=\"rt-icon-cart\"><\/i>\n                    <\/div>\n        <h3 class=\"heading\">\u0426\u0435\u043d\u044b \u043d\u0430 \u0437\u0430\u043f\u0447\u0430\u0441\u0442\u0438 \u0438 \u0434\u043e\u0441\u0442\u0443\u043f\u043d\u044b\u0435 \u0443\u0441\u043b\u0443\u0433\u0438<\/h3>\n\n        <div class=\"desc\"><p>\u041c\u044b \u043f\u0440\u0435\u0434\u043b\u0430\u0433\u0430\u0435\u043c \u0412\u0430\u043c \u043f\u0440\u0438\u0435\u043c\u043b\u0435\u043c\u044b\u0435 \u0446\u0435\u043d\u044b \u043d\u0430 \u043b\u044e\u0431\u043e\u0439 \u0442\u0438\u043f \u0430\u0432\u0442\u043e\u043c\u043e\u0431\u0438\u043b\u044f \u0438 \u0431\u0435\u0437 \u043f\u0440\u0435\u0443\u0432\u0435\u043b\u0438\u0447\u0435\u043d\u043d\u043e\u0439 \u043a\u043e\u043c\u043c\u0435\u0440\u0447\u0435\u0441\u043a\u043e\u0439 \u0440\u0435\u043a\u043b\u0430\u043c\u044b! \u0410 \u0434\u043b\u044f \u043f\u043e\u0441\u0442\u043e\u044f\u043d\u043d\u044b\u0445 \u043a\u043b\u0438\u0435\u043d\u0442\u043e\u0432 \u043f\u0440\u0435\u0434\u043b\u0430\u0433\u0430\u0435\u043c \u0421\u041a\u0418\u0414\u041a\u0418 <strong>-5%, -7% <\/strong>\u0430 \u0442\u0430\u043a\u0436\u0435<strong> -10%<\/strong>!<\/p>\n<\/div>\n\n        <div class=\"elm-btn\">\n                    <\/div>\n    <\/div>\n    \n<\/div><\/div><\/div><div class=\"wpb_column vc_column_container vc_col-sm-3\"><div class=\"vc_column-inner\"><div class=\"wpb_wrapper\">\n        <div class=\"wprt-icon-box clearfix has-width style-1 icon-top outline-type align-center rounded-100 w100 grey-outline ofer-box\">\n        <div class=\"icon-wrap\">\n                        <i class=\"as-icon-car-parts-22\"><\/i>\n                    <\/div>\n        <h3 class=\"heading\">Piese originale<\/h3>\n\n        <div class=\"desc\"><p>\u041c\u044b \u0441\u043e\u0442\u0440\u0443\u0434\u043d\u0438\u0447\u0430\u0435\u043c \u0441 \u0430\u0432\u0442\u043e\u0440\u0438\u0437\u043e\u0432\u0430\u043d\u043d\u044b\u043c\u0438 \u043f\u043e\u0441\u0442\u0430\u0432\u0449\u0438\u043a\u0430\u043c\u0438 \u0430\u0432\u0442\u043e\u0437\u0430\u043f\u0447\u0430\u0441\u0442\u0435\u0439, \u0447\u0442\u043e\u0431\u044b \u0438\u043c\u0435\u0442\u044c \u0433\u0430\u0440\u0430\u043d\u0442\u0438\u044e \u0440\u0435\u043c\u043e\u043d\u0442\u0430 \u0438 \u0432\u043c\u0435\u0448\u0430\u0442\u0435\u043b\u044c\u0441\u0442\u0432\u0430!<\/p>\n<\/div>\n\n        <div class=\"elm-btn\">\n                    <\/div>\n    <\/div>\n    \n<\/div><\/div><\/div><div class=\"wpb_column vc_column_container vc_col-sm-3\"><div class=\"vc_column-inner\"><div class=\"wpb_wrapper\">\n        <div class=\"wprt-icon-box clearfix has-width style-1 icon-top outline-type align-center rounded-100 w100 grey-outline ofer-box\">\n        <div class=\"icon-wrap\">\n                        <i class=\"rt-icon-user\"><\/i>\n                    <\/div>\n        <h3 class=\"heading\">\u041a\u0432\u0430\u043b\u0438\u0444\u0438\u0446\u0438\u0440\u043e\u0432\u0430\u043d\u043d\u044b\u0439 \u043f\u0435\u0440\u0441\u043e\u043d\u0430\u043b<\/h3>\n\n        <div class=\"desc\"><p>\u0412\u0441\u0435 \u0441\u043b\u0435\u0441\u0430\u0440\u0438 \u0441\u0435\u0440\u0442\u0438\u0444\u0438\u0446\u0438\u0440\u043e\u0432\u0430\u043d\u044b \u0438 \u0438\u043c\u0435\u044e\u0442 \u043e\u043f\u044b\u0442 \u0440\u0430\u0431\u043e\u0442\u044b \u0432 \u0434\u0430\u043d\u043d\u043e\u0439 \u0441\u0444\u0435\u0440\u0435.<\/p>\n<\/div>\n\n        <div class=\"elm-btn\">\n                    <\/div>\n    <\/div>\n    \n<\/div><\/div><\/div><\/div><\/div><\/div><\/div><\/div><\/div><div class=\"clearfix\"><\/div><\/section><section class=\"vc_rows wpb_row vc_row-fluid bg-accent\"><div class=\"container\"><div class=\"row\"><div class=\"wpb_column vc_column_container vc_col-sm-12\"><div class=\"vc_column-inner\"><div class=\"wpb_wrapper\">\n    <div class=\"wprt-action-box style-1 has-icon\">\n        <div class=\"inner\">\n            <div class=\"heading-wrap\">\n                <div class=\"text-wrap\">\n                    <h3 class=\"heading\">\u041c\u044b \u0437\u0434\u0435\u0441\u044c, \u0447\u0442\u043e\u0431\u044b \u043f\u043e\u043c\u043e\u0447\u044c \u0432\u0430\u043c \u0441 \u0440\u0435\u043c\u043e\u043d\u0442\u043e\u043c \u0432\u0430\u0448\u0435\u0433\u043e \u0430\u0432\u0442\u043e\u043c\u043e\u0431\u0438\u043b\u044f.<\/h3>\n                    <span class=\"icon\"><i class=\"as-icon-steering-wheel4\"><\/i><\/span> \n                <\/div>\n            <\/div>\n            <div class=\"button-wrap\">\n                <a class=\"wprt-button white rounded-3px\" href=\"https:\/\/profiservice.md\/ru\/contacte\/\" target=\"_self\">\u0421\u0412\u042f\u0416\u0418\u0422\u0415\u0421\u042c \u0421 \u041d\u0410\u041c\u0418<\/a>            <\/div>\n        <\/div>\n    <\/div>\n\n<\/div><\/div><\/div><\/div><\/div><div class=\"clearfix\"><\/div><\/section>","protected":false},"excerpt":{"rendered":"SERVICII DE REPARARE Oferim servicii de mecanic\u0103 \u0219i diagnoz\u0103 auto at\u00e2t pentru persoane fizice c\u00eet \u0219i pentru companii. Diagnostica auto computerizata Diagnostica \u0219i repararea \u0219asiului Schimbare uleiului \u0219i a filtrelor Verificarea \u0219i \u00eenlocuirea lichidului de fr\u00e2n\u0103 Repara\u0163ia capital\u0103 a motorului Schimbarea ambreiajului \u00cenlocuirea curelei \u0219i lan\u021bului de distribu\u021bie Chiptuning Verificarea \u0219i \u00eenlocuirea lichidului de racire [...]","protected":false},"author":1,"featured_media":0,"parent":0,"menu_order":0,"comment_status":"closed","ping_status":"closed","template":"page-templates\/template-fullwidth.php","meta":{"footnotes":""},"class_list":["post-160","page","type-page","status-publish","hentry"],"_links":{"self":[{"href":"https:\/\/profiservice.md\/ru\/wp-json\/wp\/v2\/pages\/160","targetHints":{"allow":["GET"]}}],"collection":[{"href":"https:\/\/profiservice.md\/ru\/wp-json\/wp\/v2\/pages"}],"about":[{"href":"https:\/\/profiservice.md\/ru\/wp-json\/wp\/v2\/types\/page"}],"author":[{"embeddable":true,"href":"https:\/\/profiservice.md\/ru\/wp-json\/wp\/v2\/users\/1"}],"replies":[{"embeddable":true,"href":"https:\/\/profiservice.md\/ru\/wp-json\/wp\/v2\/comments?post=160"}],"version-history":[{"count":5,"href":"https:\/\/profiservice.md\/ru\/wp-json\/wp\/v2\/pages\/160\/revisions"}],"predecessor-version":[{"id":1277,"href":"https:\/\/profiservice.md\/ru\/wp-json\/wp\/v2\/pages\/160\/revisions\/1277"}],"wp:attachment":[{"href":"https:\/\/profiservice.md\/ru\/wp-json\/wp\/v2\/media?parent=160"}],"curies":[{"name":"wp","href":"https:\/\/api.w.org\/{rel}","templated":true}]}}